{"id":631,"date":"2022-08-22T08:34:30","date_gmt":"2022-08-22T08:34:30","guid":{"rendered":"https:\/\/klijupasaulis.lt\/?page_id=631"},"modified":"2022-11-08T06:58:50","modified_gmt":"2022-11-08T06:58:50","slug":"apie-mus","status":"publish","type":"page","link":"https:\/\/klijupasaulis.lt\/lv\/apie-mus\/","title":{"rendered":"APIE MUS"},"content":{"rendered":"","protected":false},"excerpt":{"rendered":"","protected":false},"author":1,"featured_media":0,"parent":0,"menu_order":0,"comment_status":"closed","ping_status":"closed","template":"page-about-us.php","meta":{"_acf_changed":false,"footnotes":""},"class_list":["post-631","page","type-page","status-publish","hentry"],"acf":[],"yoast_head":"<!-- This site is optimized with the Yoast SEO plugin v27.4 - https:\/\/yoast.com\/product\/yoast-seo-wordpress\/ -->\n<title>APIE MUS | klijupasaulis<\/title>\n<meta name=\"robots\" content=\"index, follow, max-snippet:-1, max-image-preview:large, max-video-preview:-1\" \/>\n<link rel=\"canonical\" href=\"https:\/\/klijupasaulis.lt\/lv\/apie-mus\/\" \/>\n<meta property=\"og:locale\" content=\"lv_LV\" \/>\n<meta property=\"og:type\" content=\"article\" \/>\n<meta property=\"og:title\" content=\"APIE MUS | klijupasaulis\" \/>\n<meta property=\"og:url\" content=\"https:\/\/klijupasaulis.lt\/lv\/apie-mus\/\" \/>\n<meta property=\"og:site_name\" content=\"klijupasaulis\" \/>\n<meta property=\"article:modified_time\" content=\"2022-11-08T06:58:50+00:00\" \/>\n<meta property=\"og:image\" content=\"https:\/\/klijupasaulis.lt\/wp-content\/uploads\/2022\/08\/logo-kp.png\" \/>\n\t<meta property=\"og:image:width\" content=\"219\" \/>\n\t<meta property=\"og:image:height\" content=\"79\" \/>\n\t<meta property=\"og:image:type\" content=\"image\/png\" \/>\n<meta name=\"twitter:card\" content=\"summary_large_image\" \/>\n<script type=\"application\/ld+json\" class=\"yoast-schema-graph\">{\"@context\":\"https:\\\/\\\/schema.org\",\"@graph\":[{\"@type\":\"WebPage\",\"@id\":\"https:\\\/\\\/klijupasaulis.lt\\\/lv\\\/apie-mus\\\/\",\"url\":\"https:\\\/\\\/klijupasaulis.lt\\\/lv\\\/apie-mus\\\/\",\"name\":\"APIE MUS | klijupasaulis\",\"isPartOf\":{\"@id\":\"https:\\\/\\\/klijupasaulis.lt\\\/lv\\\/#website\"},\"datePublished\":\"2022-08-22T08:34:30+00:00\",\"dateModified\":\"2022-11-08T06:58:50+00:00\",\"breadcrumb\":{\"@id\":\"https:\\\/\\\/klijupasaulis.lt\\\/lv\\\/apie-mus\\\/#breadcrumb\"},\"inLanguage\":\"lv-LV\",\"potentialAction\":[{\"@type\":\"ReadAction\",\"target\":[\"https:\\\/\\\/klijupasaulis.lt\\\/lv\\\/apie-mus\\\/\"]}]},{\"@type\":\"BreadcrumbList\",\"@id\":\"https:\\\/\\\/klijupasaulis.lt\\\/lv\\\/apie-mus\\\/#breadcrumb\",\"itemListElement\":[{\"@type\":\"ListItem\",\"position\":1,\"name\":\"Home\",\"item\":\"https:\\\/\\\/klijupasaulis.lt\\\/lv\\\/\"},{\"@type\":\"ListItem\",\"position\":2,\"name\":\"APIE MUS\"}]},{\"@type\":\"WebSite\",\"@id\":\"https:\\\/\\\/klijupasaulis.lt\\\/lv\\\/#website\",\"url\":\"https:\\\/\\\/klijupasaulis.lt\\\/lv\\\/\",\"name\":\"Klij\u0173 pasaulis\",\"description\":\"Klijai, gruntai \\\/ da\u017eai, da\u017eymo \u012franga\",\"publisher\":{\"@id\":\"https:\\\/\\\/klijupasaulis.lt\\\/lv\\\/#organization\"},\"potentialAction\":[{\"@type\":\"SearchAction\",\"target\":{\"@type\":\"EntryPoint\",\"urlTemplate\":\"https:\\\/\\\/klijupasaulis.lt\\\/lv\\\/?s={search_term_string}\"},\"query-input\":{\"@type\":\"PropertyValueSpecification\",\"valueRequired\":true,\"valueName\":\"search_term_string\"}}],\"inLanguage\":\"lv-LV\"},{\"@type\":\"Organization\",\"@id\":\"https:\\\/\\\/klijupasaulis.lt\\\/lv\\\/#organization\",\"name\":\"Kliju pasaulis\",\"url\":\"https:\\\/\\\/klijupasaulis.lt\\\/lv\\\/\",\"logo\":{\"@type\":\"ImageObject\",\"inLanguage\":\"lv-LV\",\"@id\":\"https:\\\/\\\/klijupasaulis.lt\\\/lv\\\/#\\\/schema\\\/logo\\\/image\\\/\",\"url\":\"https:\\\/\\\/klijupasaulis.lt\\\/wp-content\\\/uploads\\\/2022\\\/08\\\/logo-kp.png\",\"contentUrl\":\"https:\\\/\\\/klijupasaulis.lt\\\/wp-content\\\/uploads\\\/2022\\\/08\\\/logo-kp.png\",\"width\":219,\"height\":79,\"caption\":\"Kliju pasaulis\"},\"image\":{\"@id\":\"https:\\\/\\\/klijupasaulis.lt\\\/lv\\\/#\\\/schema\\\/logo\\\/image\\\/\"}}]}<\/script>\n<!-- \/ Yoast SEO plugin. -->","yoast_head_json":{"title":"APIE MUS | klijupasaulis","robots":{"index":"index","follow":"follow","max-snippet":"max-snippet:-1","max-image-preview":"max-image-preview:large","max-video-preview":"max-video-preview:-1"},"canonical":"https:\/\/klijupasaulis.lt\/lv\/apie-mus\/","og_locale":"lv_LV","og_type":"article","og_title":"APIE MUS | klijupasaulis","og_url":"https:\/\/klijupasaulis.lt\/lv\/apie-mus\/","og_site_name":"klijupasaulis","article_modified_time":"2022-11-08T06:58:50+00:00","og_image":[{"width":219,"height":79,"url":"https:\/\/klijupasaulis.lt\/wp-content\/uploads\/2022\/08\/logo-kp.png","type":"image\/png"}],"twitter_card":"summary_large_image","schema":{"@context":"https:\/\/schema.org","@graph":[{"@type":"WebPage","@id":"https:\/\/klijupasaulis.lt\/lv\/apie-mus\/","url":"https:\/\/klijupasaulis.lt\/lv\/apie-mus\/","name":"APIE MUS | klijupasaulis","isPartOf":{"@id":"https:\/\/klijupasaulis.lt\/lv\/#website"},"datePublished":"2022-08-22T08:34:30+00:00","dateModified":"2022-11-08T06:58:50+00:00","breadcrumb":{"@id":"https:\/\/klijupasaulis.lt\/lv\/apie-mus\/#breadcrumb"},"inLanguage":"lv-LV","potentialAction":[{"@type":"ReadAction","target":["https:\/\/klijupasaulis.lt\/lv\/apie-mus\/"]}]},{"@type":"BreadcrumbList","@id":"https:\/\/klijupasaulis.lt\/lv\/apie-mus\/#breadcrumb","itemListElement":[{"@type":"ListItem","position":1,"name":"Home","item":"https:\/\/klijupasaulis.lt\/lv\/"},{"@type":"ListItem","position":2,"name":"APIE MUS"}]},{"@type":"WebSite","@id":"https:\/\/klijupasaulis.lt\/lv\/#website","url":"https:\/\/klijupasaulis.lt\/lv\/","name":"Klij\u0173 pasaulis","description":"Klijai, gruntai \/ da\u017eai, da\u017eymo \u012franga","publisher":{"@id":"https:\/\/klijupasaulis.lt\/lv\/#organization"},"potentialAction":[{"@type":"SearchAction","target":{"@type":"EntryPoint","urlTemplate":"https:\/\/klijupasaulis.lt\/lv\/?s={search_term_string}"},"query-input":{"@type":"PropertyValueSpecification","valueRequired":true,"valueName":"search_term_string"}}],"inLanguage":"lv-LV"},{"@type":"Organization","@id":"https:\/\/klijupasaulis.lt\/lv\/#organization","name":"Kliju pasaulis","url":"https:\/\/klijupasaulis.lt\/lv\/","logo":{"@type":"ImageObject","inLanguage":"lv-LV","@id":"https:\/\/klijupasaulis.lt\/lv\/#\/schema\/logo\/image\/","url":"https:\/\/klijupasaulis.lt\/wp-content\/uploads\/2022\/08\/logo-kp.png","contentUrl":"https:\/\/klijupasaulis.lt\/wp-content\/uploads\/2022\/08\/logo-kp.png","width":219,"height":79,"caption":"Kliju pasaulis"},"image":{"@id":"https:\/\/klijupasaulis.lt\/lv\/#\/schema\/logo\/image\/"}}]}},"_links":{"self":[{"href":"https:\/\/klijupasaulis.lt\/lv\/wp-json\/wp\/v2\/pages\/631","targetHints":{"allow":["GET"]}}],"collection":[{"href":"https:\/\/klijupasaulis.lt\/lv\/wp-json\/wp\/v2\/pages"}],"about":[{"href":"https:\/\/klijupasaulis.lt\/lv\/wp-json\/wp\/v2\/types\/page"}],"author":[{"embeddable":true,"href":"https:\/\/klijupasaulis.lt\/lv\/wp-json\/wp\/v2\/users\/1"}],"replies":[{"embeddable":true,"href":"https:\/\/klijupasaulis.lt\/lv\/wp-json\/wp\/v2\/comments?post=631"}],"version-history":[{"count":1,"href":"https:\/\/klijupasaulis.lt\/lv\/wp-json\/wp\/v2\/pages\/631\/revisions"}],"predecessor-version":[{"id":632,"href":"https:\/\/klijupasaulis.lt\/lv\/wp-json\/wp\/v2\/pages\/631\/revisions\/632"}],"wp:attachment":[{"href":"https:\/\/klijupasaulis.lt\/lv\/wp-json\/wp\/v2\/media?parent=631"}],"curies":[{"name":"wp","href":"https:\/\/api.w.org\/{rel}","templated":true}]}}