{"id":649,"date":"2022-08-22T09:11:54","date_gmt":"2022-08-22T09:11:54","guid":{"rendered":"https:\/\/klijupasaulis.lt\/klijai\/"},"modified":"2023-05-29T15:09:11","modified_gmt":"2023-05-29T15:09:11","slug":"adhesives","status":"publish","type":"page","link":"https:\/\/klijupasaulis.lt\/en\/adhesives\/","title":{"rendered":"Adhesives"},"content":{"rendered":"","protected":false},"excerpt":{"rendered":"","protected":false},"author":1,"featured_media":0,"parent":0,"menu_order":0,"comment_status":"closed","ping_status":"closed","template":"page-glue.php","meta":{"footnotes":""},"class_list":["post-649","page","type-page","status-publish","hentry"],"acf":[],"yoast_head":"<!-- This site is optimized with the Yoast SEO plugin v21.7 - https:\/\/yoast.com\/wordpress\/plugins\/seo\/ -->\n<title>Adhesives | klijupasaulis<\/title>\n<meta name=\"robots\" content=\"index, follow, max-snippet:-1, max-image-preview:large, max-video-preview:-1\" \/>\n<link rel=\"canonical\" href=\"https:\/\/klijupasaulis.lt\/en\/adhesives\/\" \/>\n<meta property=\"og:locale\" content=\"en_US\" \/>\n<meta property=\"og:type\" content=\"article\" \/>\n<meta property=\"og:title\" content=\"Adhesives | klijupasaulis\" \/>\n<meta property=\"og:url\" content=\"https:\/\/klijupasaulis.lt\/en\/adhesives\/\" \/>\n<meta property=\"og:site_name\" content=\"klijupasaulis\" \/>\n<meta property=\"article:modified_time\" content=\"2023-05-29T15:09:11+00:00\" \/>\n<meta property=\"og:image\" content=\"https:\/\/klijupasaulis.lt\/wp-content\/uploads\/2022\/08\/logo-kp.png\" \/>\n\t<meta property=\"og:image:width\" content=\"219\" \/>\n\t<meta property=\"og:image:height\" content=\"79\" \/>\n\t<meta property=\"og:image:type\" content=\"image\/png\" \/>\n<meta name=\"twitter:card\" content=\"summary_large_image\" \/>\n<script type=\"application\/ld+json\" class=\"yoast-schema-graph\">{\"@context\":\"https:\/\/schema.org\",\"@graph\":[{\"@type\":\"WebPage\",\"@id\":\"https:\/\/klijupasaulis.lt\/en\/adhesives\/\",\"url\":\"https:\/\/klijupasaulis.lt\/en\/adhesives\/\",\"name\":\"Adhesives | klijupasaulis\",\"isPartOf\":{\"@id\":\"https:\/\/klijupasaulis.lt\/en\/#website\"},\"datePublished\":\"2022-08-22T09:11:54+00:00\",\"dateModified\":\"2023-05-29T15:09:11+00:00\",\"breadcrumb\":{\"@id\":\"https:\/\/klijupasaulis.lt\/en\/adhesives\/#breadcrumb\"},\"inLanguage\":\"en-US\",\"potentialAction\":[{\"@type\":\"ReadAction\",\"target\":[\"https:\/\/klijupasaulis.lt\/en\/adhesives\/\"]}]},{\"@type\":\"BreadcrumbList\",\"@id\":\"https:\/\/klijupasaulis.lt\/en\/adhesives\/#breadcrumb\",\"itemListElement\":[{\"@type\":\"ListItem\",\"position\":1,\"name\":\"Home\",\"item\":\"https:\/\/klijupasaulis.lt\/en\/\"},{\"@type\":\"ListItem\",\"position\":2,\"name\":\"Adhesives\"}]},{\"@type\":\"WebSite\",\"@id\":\"https:\/\/klijupasaulis.lt\/en\/#website\",\"url\":\"https:\/\/klijupasaulis.lt\/en\/\",\"name\":\"Klij\u0173 pasaulis\",\"description\":\"Klijai, gruntai \/ da\u017eai, da\u017eymo \u012franga\",\"publisher\":{\"@id\":\"https:\/\/klijupasaulis.lt\/en\/#organization\"},\"potentialAction\":[{\"@type\":\"SearchAction\",\"target\":{\"@type\":\"EntryPoint\",\"urlTemplate\":\"https:\/\/klijupasaulis.lt\/en\/?s={search_term_string}\"},\"query-input\":\"required name=search_term_string\"}],\"inLanguage\":\"en-US\"},{\"@type\":\"Organization\",\"@id\":\"https:\/\/klijupasaulis.lt\/en\/#organization\",\"name\":\"Kliju pasaulis\",\"url\":\"https:\/\/klijupasaulis.lt\/en\/\",\"logo\":{\"@type\":\"ImageObject\",\"inLanguage\":\"en-US\",\"@id\":\"https:\/\/klijupasaulis.lt\/en\/#\/schema\/logo\/image\/\",\"url\":\"https:\/\/klijupasaulis.lt\/wp-content\/uploads\/2022\/08\/logo-kp.png\",\"contentUrl\":\"https:\/\/klijupasaulis.lt\/wp-content\/uploads\/2022\/08\/logo-kp.png\",\"width\":219,\"height\":79,\"caption\":\"Kliju pasaulis\"},\"image\":{\"@id\":\"https:\/\/klijupasaulis.lt\/en\/#\/schema\/logo\/image\/\"}}]}<\/script>\n<!-- \/ Yoast SEO plugin. -->","yoast_head_json":{"title":"Adhesives | klijupasaulis","robots":{"index":"index","follow":"follow","max-snippet":"max-snippet:-1","max-image-preview":"max-image-preview:large","max-video-preview":"max-video-preview:-1"},"canonical":"https:\/\/klijupasaulis.lt\/en\/adhesives\/","og_locale":"en_US","og_type":"article","og_title":"Adhesives | klijupasaulis","og_url":"https:\/\/klijupasaulis.lt\/en\/adhesives\/","og_site_name":"klijupasaulis","article_modified_time":"2023-05-29T15:09:11+00:00","og_image":[{"width":219,"height":79,"url":"https:\/\/klijupasaulis.lt\/wp-content\/uploads\/2022\/08\/logo-kp.png","type":"image\/png"}],"twitter_card":"summary_large_image","schema":{"@context":"https:\/\/schema.org","@graph":[{"@type":"WebPage","@id":"https:\/\/klijupasaulis.lt\/en\/adhesives\/","url":"https:\/\/klijupasaulis.lt\/en\/adhesives\/","name":"Adhesives | klijupasaulis","isPartOf":{"@id":"https:\/\/klijupasaulis.lt\/en\/#website"},"datePublished":"2022-08-22T09:11:54+00:00","dateModified":"2023-05-29T15:09:11+00:00","breadcrumb":{"@id":"https:\/\/klijupasaulis.lt\/en\/adhesives\/#breadcrumb"},"inLanguage":"en-US","potentialAction":[{"@type":"ReadAction","target":["https:\/\/klijupasaulis.lt\/en\/adhesives\/"]}]},{"@type":"BreadcrumbList","@id":"https:\/\/klijupasaulis.lt\/en\/adhesives\/#breadcrumb","itemListElement":[{"@type":"ListItem","position":1,"name":"Home","item":"https:\/\/klijupasaulis.lt\/en\/"},{"@type":"ListItem","position":2,"name":"Adhesives"}]},{"@type":"WebSite","@id":"https:\/\/klijupasaulis.lt\/en\/#website","url":"https:\/\/klijupasaulis.lt\/en\/","name":"Klij\u0173 pasaulis","description":"Klijai, gruntai \/ da\u017eai, da\u017eymo \u012franga","publisher":{"@id":"https:\/\/klijupasaulis.lt\/en\/#organization"},"potentialAction":[{"@type":"SearchAction","target":{"@type":"EntryPoint","urlTemplate":"https:\/\/klijupasaulis.lt\/en\/?s={search_term_string}"},"query-input":"required name=search_term_string"}],"inLanguage":"en-US"},{"@type":"Organization","@id":"https:\/\/klijupasaulis.lt\/en\/#organization","name":"Kliju pasaulis","url":"https:\/\/klijupasaulis.lt\/en\/","logo":{"@type":"ImageObject","inLanguage":"en-US","@id":"https:\/\/klijupasaulis.lt\/en\/#\/schema\/logo\/image\/","url":"https:\/\/klijupasaulis.lt\/wp-content\/uploads\/2022\/08\/logo-kp.png","contentUrl":"https:\/\/klijupasaulis.lt\/wp-content\/uploads\/2022\/08\/logo-kp.png","width":219,"height":79,"caption":"Kliju pasaulis"},"image":{"@id":"https:\/\/klijupasaulis.lt\/en\/#\/schema\/logo\/image\/"}}]}},"_links":{"self":[{"href":"https:\/\/klijupasaulis.lt\/en\/wp-json\/wp\/v2\/pages\/649","targetHints":{"allow":["GET"]}}],"collection":[{"href":"https:\/\/klijupasaulis.lt\/en\/wp-json\/wp\/v2\/pages"}],"about":[{"href":"https:\/\/klijupasaulis.lt\/en\/wp-json\/wp\/v2\/types\/page"}],"author":[{"embeddable":true,"href":"https:\/\/klijupasaulis.lt\/en\/wp-json\/wp\/v2\/users\/1"}],"replies":[{"embeddable":true,"href":"https:\/\/klijupasaulis.lt\/en\/wp-json\/wp\/v2\/comments?post=649"}],"version-history":[{"count":3,"href":"https:\/\/klijupasaulis.lt\/en\/wp-json\/wp\/v2\/pages\/649\/revisions"}],"predecessor-version":[{"id":793,"href":"https:\/\/klijupasaulis.lt\/en\/wp-json\/wp\/v2\/pages\/649\/revisions\/793"}],"wp:attachment":[{"href":"https:\/\/klijupasaulis.lt\/en\/wp-json\/wp\/v2\/media?parent=649"}],"curies":[{"name":"wp","href":"https:\/\/api.w.org\/{rel}","templated":true}]}}