{"id":642,"date":"2022-08-22T09:12:28","date_gmt":"2022-08-22T09:12:28","guid":{"rendered":"https:\/\/klijupasaulis.lt\/tvarumas\/"},"modified":"2023-05-30T09:10:43","modified_gmt":"2023-05-30T09:10:43","slug":"sustainability","status":"publish","type":"page","link":"https:\/\/klijupasaulis.lt\/en\/sustainability\/","title":{"rendered":"Sustainability"},"content":{"rendered":"","protected":false},"excerpt":{"rendered":"","protected":false},"author":1,"featured_media":0,"parent":0,"menu_order":0,"comment_status":"closed","ping_status":"closed","template":"page-sustainability.php","meta":{"footnotes":""},"class_list":["post-642","page","type-page","status-publish","hentry"],"acf":[],"yoast_head":"<!-- This site is optimized with the Yoast SEO plugin v21.7 - https:\/\/yoast.com\/wordpress\/plugins\/seo\/ -->\n<title>Tvarumas | Klij\u0173 pasaulis<\/title>\n<meta name=\"robots\" content=\"index, follow, max-snippet:-1, max-image-preview:large, max-video-preview:-1\" \/>\n<link rel=\"canonical\" href=\"https:\/\/klijupasaulis.lt\/en\/sustainability\/\" \/>\n<meta property=\"og:locale\" content=\"en_US\" \/>\n<meta property=\"og:type\" content=\"article\" \/>\n<meta property=\"og:title\" content=\"Tvarumas | Klij\u0173 pasaulis\" \/>\n<meta property=\"og:url\" content=\"https:\/\/klijupasaulis.lt\/en\/sustainability\/\" \/>\n<meta property=\"og:site_name\" content=\"klijupasaulis\" \/>\n<meta property=\"article:modified_time\" content=\"2023-05-30T09:10:43+00:00\" \/>\n<meta property=\"og:image\" content=\"https:\/\/klijupasaulis.lt\/wp-content\/uploads\/2022\/08\/logo-kp.png\" \/>\n\t<meta property=\"og:image:width\" content=\"219\" \/>\n\t<meta property=\"og:image:height\" content=\"79\" \/>\n\t<meta property=\"og:image:type\" content=\"image\/png\" \/>\n<meta name=\"twitter:card\" content=\"summary_large_image\" \/>\n<script type=\"application\/ld+json\" class=\"yoast-schema-graph\">{\"@context\":\"https:\/\/schema.org\",\"@graph\":[{\"@type\":\"WebPage\",\"@id\":\"https:\/\/klijupasaulis.lt\/en\/sustainability\/\",\"url\":\"https:\/\/klijupasaulis.lt\/en\/sustainability\/\",\"name\":\"Tvarumas | Klij\u0173 pasaulis\",\"isPartOf\":{\"@id\":\"https:\/\/klijupasaulis.lt\/en\/#website\"},\"datePublished\":\"2022-08-22T09:12:28+00:00\",\"dateModified\":\"2023-05-30T09:10:43+00:00\",\"breadcrumb\":{\"@id\":\"https:\/\/klijupasaulis.lt\/en\/sustainability\/#breadcrumb\"},\"inLanguage\":\"en-US\",\"potentialAction\":[{\"@type\":\"ReadAction\",\"target\":[\"https:\/\/klijupasaulis.lt\/en\/sustainability\/\"]}]},{\"@type\":\"BreadcrumbList\",\"@id\":\"https:\/\/klijupasaulis.lt\/en\/sustainability\/#breadcrumb\",\"itemListElement\":[{\"@type\":\"ListItem\",\"position\":1,\"name\":\"Home\",\"item\":\"https:\/\/klijupasaulis.lt\/en\/\"},{\"@type\":\"ListItem\",\"position\":2,\"name\":\"Sustainability\"}]},{\"@type\":\"WebSite\",\"@id\":\"https:\/\/klijupasaulis.lt\/en\/#website\",\"url\":\"https:\/\/klijupasaulis.lt\/en\/\",\"name\":\"Klij\u0173 pasaulis\",\"description\":\"Klijai, gruntai \/ da\u017eai, da\u017eymo \u012franga\",\"publisher\":{\"@id\":\"https:\/\/klijupasaulis.lt\/en\/#organization\"},\"potentialAction\":[{\"@type\":\"SearchAction\",\"target\":{\"@type\":\"EntryPoint\",\"urlTemplate\":\"https:\/\/klijupasaulis.lt\/en\/?s={search_term_string}\"},\"query-input\":\"required name=search_term_string\"}],\"inLanguage\":\"en-US\"},{\"@type\":\"Organization\",\"@id\":\"https:\/\/klijupasaulis.lt\/en\/#organization\",\"name\":\"Kliju pasaulis\",\"url\":\"https:\/\/klijupasaulis.lt\/en\/\",\"logo\":{\"@type\":\"ImageObject\",\"inLanguage\":\"en-US\",\"@id\":\"https:\/\/klijupasaulis.lt\/en\/#\/schema\/logo\/image\/\",\"url\":\"https:\/\/klijupasaulis.lt\/wp-content\/uploads\/2022\/08\/logo-kp.png\",\"contentUrl\":\"https:\/\/klijupasaulis.lt\/wp-content\/uploads\/2022\/08\/logo-kp.png\",\"width\":219,\"height\":79,\"caption\":\"Kliju pasaulis\"},\"image\":{\"@id\":\"https:\/\/klijupasaulis.lt\/en\/#\/schema\/logo\/image\/\"}}]}<\/script>\n<!-- \/ Yoast SEO plugin. -->","yoast_head_json":{"title":"Tvarumas | Klij\u0173 pasaulis","robots":{"index":"index","follow":"follow","max-snippet":"max-snippet:-1","max-image-preview":"max-image-preview:large","max-video-preview":"max-video-preview:-1"},"canonical":"https:\/\/klijupasaulis.lt\/en\/sustainability\/","og_locale":"en_US","og_type":"article","og_title":"Tvarumas | Klij\u0173 pasaulis","og_url":"https:\/\/klijupasaulis.lt\/en\/sustainability\/","og_site_name":"klijupasaulis","article_modified_time":"2023-05-30T09:10:43+00:00","og_image":[{"width":219,"height":79,"url":"https:\/\/klijupasaulis.lt\/wp-content\/uploads\/2022\/08\/logo-kp.png","type":"image\/png"}],"twitter_card":"summary_large_image","schema":{"@context":"https:\/\/schema.org","@graph":[{"@type":"WebPage","@id":"https:\/\/klijupasaulis.lt\/en\/sustainability\/","url":"https:\/\/klijupasaulis.lt\/en\/sustainability\/","name":"Tvarumas | Klij\u0173 pasaulis","isPartOf":{"@id":"https:\/\/klijupasaulis.lt\/en\/#website"},"datePublished":"2022-08-22T09:12:28+00:00","dateModified":"2023-05-30T09:10:43+00:00","breadcrumb":{"@id":"https:\/\/klijupasaulis.lt\/en\/sustainability\/#breadcrumb"},"inLanguage":"en-US","potentialAction":[{"@type":"ReadAction","target":["https:\/\/klijupasaulis.lt\/en\/sustainability\/"]}]},{"@type":"BreadcrumbList","@id":"https:\/\/klijupasaulis.lt\/en\/sustainability\/#breadcrumb","itemListElement":[{"@type":"ListItem","position":1,"name":"Home","item":"https:\/\/klijupasaulis.lt\/en\/"},{"@type":"ListItem","position":2,"name":"Sustainability"}]},{"@type":"WebSite","@id":"https:\/\/klijupasaulis.lt\/en\/#website","url":"https:\/\/klijupasaulis.lt\/en\/","name":"Klij\u0173 pasaulis","description":"Klijai, gruntai \/ da\u017eai, da\u017eymo \u012franga","publisher":{"@id":"https:\/\/klijupasaulis.lt\/en\/#organization"},"potentialAction":[{"@type":"SearchAction","target":{"@type":"EntryPoint","urlTemplate":"https:\/\/klijupasaulis.lt\/en\/?s={search_term_string}"},"query-input":"required name=search_term_string"}],"inLanguage":"en-US"},{"@type":"Organization","@id":"https:\/\/klijupasaulis.lt\/en\/#organization","name":"Kliju pasaulis","url":"https:\/\/klijupasaulis.lt\/en\/","logo":{"@type":"ImageObject","inLanguage":"en-US","@id":"https:\/\/klijupasaulis.lt\/en\/#\/schema\/logo\/image\/","url":"https:\/\/klijupasaulis.lt\/wp-content\/uploads\/2022\/08\/logo-kp.png","contentUrl":"https:\/\/klijupasaulis.lt\/wp-content\/uploads\/2022\/08\/logo-kp.png","width":219,"height":79,"caption":"Kliju pasaulis"},"image":{"@id":"https:\/\/klijupasaulis.lt\/en\/#\/schema\/logo\/image\/"}}]}},"_links":{"self":[{"href":"https:\/\/klijupasaulis.lt\/en\/wp-json\/wp\/v2\/pages\/642","targetHints":{"allow":["GET"]}}],"collection":[{"href":"https:\/\/klijupasaulis.lt\/en\/wp-json\/wp\/v2\/pages"}],"about":[{"href":"https:\/\/klijupasaulis.lt\/en\/wp-json\/wp\/v2\/types\/page"}],"author":[{"embeddable":true,"href":"https:\/\/klijupasaulis.lt\/en\/wp-json\/wp\/v2\/users\/1"}],"replies":[{"embeddable":true,"href":"https:\/\/klijupasaulis.lt\/en\/wp-json\/wp\/v2\/comments?post=642"}],"version-history":[{"count":3,"href":"https:\/\/klijupasaulis.lt\/en\/wp-json\/wp\/v2\/pages\/642\/revisions"}],"predecessor-version":[{"id":809,"href":"https:\/\/klijupasaulis.lt\/en\/wp-json\/wp\/v2\/pages\/642\/revisions\/809"}],"wp:attachment":[{"href":"https:\/\/klijupasaulis.lt\/en\/wp-json\/wp\/v2\/media?parent=642"}],"curies":[{"name":"wp","href":"https:\/\/api.w.org\/{rel}","templated":true}]}}